{"id":2,"date":"2024-02-25T02:57:26","date_gmt":"2024-02-25T02:57:26","guid":{"rendered":"https:\/\/emploisrestaurant.ca\/?page_id=2"},"modified":"2024-02-26T19:29:31","modified_gmt":"2024-02-26T19:29:31","slug":"sample-page","status":"publish","type":"page","link":"https:\/\/emploisrestaurant.ca\/","title":{"rendered":"Emplois Brasserie Daniel Lapointe"},"content":{"rendered":"\t\t<div data-elementor-type=\"wp-page\" data-elementor-id=\"2\" class=\"elementor elementor-2\" data-elementor-post-type=\"page\">\n\t\t\t\t<div class=\"elementor-element elementor-element-5665606e e-flex e-con-boxed e-con e-parent\" data-id=\"5665606e\" data-element_type=\"container\" data-settings=\"{&quot;content_width&quot;:&quot;boxed&quot;}\" data-core-v316-plus=\"true\">\n\t\t\t\t\t<div class=\"e-con-inner\">\n\t\t\t\t<div class=\"elementor-element elementor-element-4ea4f9c8 elementor-widget elementor-widget-text-editor\" data-id=\"4ea4f9c8\" data-element_type=\"widget\" data-widget_type=\"text-editor.default\">\n\t\t\t\t<div class=\"elementor-widget-container\">\n\t\t\t<style>\/*! elementor - v3.19.0 - 26-02-2024 *\/\n.elementor-widget-text-editor.elementor-drop-cap-view-stacked .elementor-drop-cap{background-color:#69727d;color:#fff}.elementor-widget-text-editor.elementor-drop-cap-view-framed .elementor-drop-cap{color:#69727d;border:3px solid;background-color:transparent}.elementor-widget-text-editor:not(.elementor-drop-cap-view-default) .elementor-drop-cap{margin-top:8px}.elementor-widget-text-editor:not(.elementor-drop-cap-view-default) .elementor-drop-cap-letter{width:1em;height:1em}.elementor-widget-text-editor .elementor-drop-cap{float:left;text-align:center;line-height:1;font-size:50px}.elementor-widget-text-editor .elementor-drop-cap-letter{display:inline-block}<\/style>\t\t\t\t<!-- wp:paragraph -->\n<div id=\"biolink_block_id_6506\" class=\"col-12 my-2\" data-biolink-block-id=\"6506\">\n<h3 class=\"h3 m-0 text-break\">JOINS-TOI \u00c0 L&rsquo;\u00c9QUIPE<\/h3>\n<\/div>\n<div id=\"biolink_block_id_6509\" class=\"col-12 my-2\" data-biolink-block-id=\"6509\">\n<h5 class=\"h5 m-0 text-break\">\u2705 Emploi stimulant<\/h5>\n<\/div>\n<div id=\"biolink_block_id_6510\" class=\"col-12 my-2\" data-biolink-block-id=\"6510\">\n<h5 class=\"h5 m-0 text-break\">\u2705 Une \u00e9quipe dynamique<\/h5>\n<\/div>\n<div id=\"biolink_block_id_6511\" class=\"col-12 my-2\" data-biolink-block-id=\"6511\">\n<h5 class=\"h5 m-0 text-break\">\u2705 Horaire variable<\/h5>\n<\/div>\n<div id=\"biolink_block_id_6512\" class=\"col-12 my-2\" data-biolink-block-id=\"6512\">\n<h5 class=\"h5 m-0 text-break\">\u2705 Programme d&rsquo;avantages sociaux<\/h5>\n<\/div>\n<!-- \/wp:paragraph -->\t\t\t\t\t\t<\/div>\n\t\t\t\t<\/div>\n\t\t\t\t<div class=\"elementor-element elementor-element-0fb3968 elementor-widget elementor-widget-video\" data-id=\"0fb3968\" data-element_type=\"widget\" data-settings=\"{&quot;youtube_url&quot;:&quot;https:\\\/\\\/www.youtube.com\\\/watch?v=hVmmm8weDEg&quot;,&quot;video_type&quot;:&quot;youtube&quot;,&quot;controls&quot;:&quot;yes&quot;}\" data-widget_type=\"video.default\">\n\t\t\t\t<div class=\"elementor-widget-container\">\n\t\t\t<style>\/*! elementor - v3.19.0 - 26-02-2024 *\/\n.elementor-widget-video .elementor-widget-container{overflow:hidden;transform:translateZ(0)}.elementor-widget-video .elementor-wrapper{aspect-ratio:var(--video-aspect-ratio)}.elementor-widget-video .elementor-wrapper iframe,.elementor-widget-video .elementor-wrapper video{height:100%;width:100%;display:flex;border:none;background-color:#000}@supports not (aspect-ratio:1\/1){.elementor-widget-video .elementor-wrapper{position:relative;overflow:hidden;height:0;padding-bottom:calc(100% \/ var(--video-aspect-ratio))}.elementor-widget-video .elementor-wrapper iframe,.elementor-widget-video .elementor-wrapper video{position:absolute;top:0;right:0;bottom:0;left:0}}.elementor-widget-video .elementor-open-inline .elementor-custom-embed-image-overlay{position:absolute;top:0;right:0;bottom:0;left:0;background-size:cover;background-position:50%}.elementor-widget-video .elementor-custom-embed-image-overlay{cursor:pointer;text-align:center}.elementor-widget-video .elementor-custom-embed-image-overlay:hover .elementor-custom-embed-play i{opacity:1}.elementor-widget-video .elementor-custom-embed-image-overlay img{display:block;width:100%;aspect-ratio:var(--video-aspect-ratio);-o-object-fit:cover;object-fit:cover;-o-object-position:center center;object-position:center center}@supports not (aspect-ratio:1\/1){.elementor-widget-video .elementor-custom-embed-image-overlay{position:relative;overflow:hidden;height:0;padding-bottom:calc(100% \/ var(--video-aspect-ratio))}.elementor-widget-video .elementor-custom-embed-image-overlay img{position:absolute;top:0;right:0;bottom:0;left:0}}.elementor-widget-video .e-hosted-video .elementor-video{-o-object-fit:cover;object-fit:cover}.e-con-inner>.elementor-widget-video,.e-con>.elementor-widget-video{width:var(--container-widget-width);--flex-grow:var(--container-widget-flex-grow)}<\/style>\t\t<div class=\"elementor-wrapper elementor-open-inline\">\n\t\t\t<div class=\"elementor-video\"><\/div>\t\t<\/div>\n\t\t\t\t<\/div>\n\t\t\t\t<\/div>\n\t\t\t\t<div class=\"elementor-element elementor-element-94df24e elementor-widget elementor-widget-text-editor\" data-id=\"94df24e\" data-element_type=\"widget\" data-widget_type=\"text-editor.default\">\n\t\t\t\t<div class=\"elementor-widget-container\">\n\t\t\t\t\t\t\t<h1>Rejoignez Notre Aventure : Passion, Convivialit\u00e9, et Excellence au Coeur de la Restauration<\/h1>\n<p>\u00c0 la <strong>Brasserie Daniel Lapointe<\/strong>, notre mission transcende la simple offre de repas ; nous cr\u00e9ons des moments inoubliables dans une atmosph\u00e8re d\u00e9contract\u00e9e, festive, ou romantique. Chaque client qui franchit nos portes est invit\u00e9 \u00e0 se d\u00e9tendre et \u00e0 savourer l&rsquo;exp\u00e9rience, soutenue par notre passion pour une cuisine authentique, des ingr\u00e9dients de qualit\u00e9 et des recettes maison savoureuses. Notre engagement ? Pr\u00e9parer des plats g\u00e9n\u00e9reux \u00e0 prix abordable pour faire d\u00e9couvrir des saveurs qui \u00e9veillent les sens et r\u00e9chauffent le c\u0153ur.<\/p>\n<p>En nous rejoignant, vous faites plus que simplement int\u00e9grer une \u00e9quipe ; vous devenez un acteur cl\u00e9 dans notre qu\u00eate d&rsquo;excellence. Nous cherchons des individus d\u00e9vou\u00e9s, anim\u00e9s par le d\u00e9sir d&rsquo;offrir un service exceptionnel et de contribuer \u00e0 l&rsquo;exp\u00e9rience unique que nous promettons \u00e0 nos clients. Pr\u00eats \u00e0 partager notre passion et \u00e0 \u00e9crire ensemble le prochain chapitre de notre histoire ?<\/p>\t\t\t\t\t\t<\/div>\n\t\t\t\t<\/div>\n\t\t\t\t\t<\/div>\n\t\t\t\t<\/div>\n\t\t\t\t<\/div>\n\t\t","protected":false},"excerpt":{"rendered":"<p>JOINS-TOI \u00c0 L&rsquo;\u00c9QUIPE \u2705 Emploi stimulant \u2705 Une \u00e9quipe dynamique \u2705 Horaire variable \u2705 Programme d&rsquo;avantages sociaux https:\/\/www.youtube.com\/watch?v=hVmmm8weDEg Rejoignez Notre Aventure : Passion, Convivialit\u00e9, et Excellence au Coeur de la Restauration \u00c0 la Brasserie Daniel Lapointe, notre mission transcende la simple offre de repas ; nous cr\u00e9ons des moments inoubliables dans une atmosph\u00e8re d\u00e9contract\u00e9e, festive, [&hellip;]<\/p>\n","protected":false},"author":1,"featured_media":0,"parent":0,"menu_order":0,"comment_status":"closed","ping_status":"closed","template":"","meta":{"footnotes":""},"class_list":["post-2","page","type-page","status-publish","hentry"],"yoast_head":"<!-- This site is optimized with the Yoast SEO plugin v22.1 - https:\/\/yoast.com\/wordpress\/plugins\/seo\/ -->\n<title>Emplois - Brasserie Daniel Lapointe<\/title>\n<meta name=\"description\" content=\"Rejoignez notre \u00e9quipe passionn\u00e9e et offrez un service exceptionnel \u00e0 nos clients. Des emplois dans toutes les domaines disponible.\" \/>\n<meta name=\"robots\" content=\"index, follow, max-snippet:-1, max-image-preview:large, max-video-preview:-1\" \/>\n<link rel=\"canonical\" href=\"https:\/\/emploisrestaurant.ca\/\" \/>\n<meta property=\"og:locale\" content=\"fr_CA\" \/>\n<meta property=\"og:type\" content=\"article\" \/>\n<meta property=\"og:title\" content=\"Emplois - Brasserie Daniel Lapointe\" \/>\n<meta property=\"og:description\" content=\"Rejoignez notre \u00e9quipe passionn\u00e9e et offrez un service exceptionnel \u00e0 nos clients. Des emplois dans toutes les domaines disponible.\" \/>\n<meta property=\"og:url\" content=\"https:\/\/emploisrestaurant.ca\/\" \/>\n<meta property=\"og:site_name\" content=\"Brasserie Daniel Lapointe\" \/>\n<meta property=\"article:modified_time\" content=\"2024-02-26T19:29:31+00:00\" \/>\n<meta name=\"twitter:card\" content=\"summary_large_image\" \/>\n<meta name=\"twitter:label1\" content=\"Estimation du temps de lecture\" \/>\n\t<meta name=\"twitter:data1\" content=\"1 minute\" \/>\n<script type=\"application\/ld+json\" class=\"yoast-schema-graph\">{\"@context\":\"https:\/\/schema.org\",\"@graph\":[{\"@type\":\"WebPage\",\"@id\":\"https:\/\/emploisrestaurant.ca\/\",\"url\":\"https:\/\/emploisrestaurant.ca\/\",\"name\":\"Emplois - Brasserie Daniel Lapointe\",\"isPartOf\":{\"@id\":\"https:\/\/emploisrestaurant.ca\/#website\"},\"datePublished\":\"2024-02-25T02:57:26+00:00\",\"dateModified\":\"2024-02-26T19:29:31+00:00\",\"description\":\"Rejoignez notre \u00e9quipe passionn\u00e9e et offrez un service exceptionnel \u00e0 nos clients. Des emplois dans toutes les domaines disponible.\",\"breadcrumb\":{\"@id\":\"https:\/\/emploisrestaurant.ca\/#breadcrumb\"},\"inLanguage\":\"fr-CA\",\"potentialAction\":[{\"@type\":\"ReadAction\",\"target\":[\"https:\/\/emploisrestaurant.ca\/\"]}]},{\"@type\":\"BreadcrumbList\",\"@id\":\"https:\/\/emploisrestaurant.ca\/#breadcrumb\",\"itemListElement\":[{\"@type\":\"ListItem\",\"position\":1,\"name\":\"Home\",\"item\":\"https:\/\/emploisrestaurant.ca\/\"},{\"@type\":\"ListItem\",\"position\":2,\"name\":\"Emplois Brasserie Daniel Lapointe\"}]},{\"@type\":\"WebSite\",\"@id\":\"https:\/\/emploisrestaurant.ca\/#website\",\"url\":\"https:\/\/emploisrestaurant.ca\/\",\"name\":\"Brasserie Daniel Lapointe\",\"description\":\"Grillades et Fruits de mer\",\"publisher\":{\"@id\":\"https:\/\/emploisrestaurant.ca\/#organization\"},\"potentialAction\":[{\"@type\":\"SearchAction\",\"target\":{\"@type\":\"EntryPoint\",\"urlTemplate\":\"https:\/\/emploisrestaurant.ca\/?s={search_term_string}\"},\"query-input\":\"required name=search_term_string\"}],\"inLanguage\":\"fr-CA\"},{\"@type\":\"Organization\",\"@id\":\"https:\/\/emploisrestaurant.ca\/#organization\",\"name\":\"Brasserie Daniel Lapointe\",\"url\":\"https:\/\/emploisrestaurant.ca\/\",\"logo\":{\"@type\":\"ImageObject\",\"inLanguage\":\"fr-CA\",\"@id\":\"https:\/\/emploisrestaurant.ca\/#\/schema\/logo\/image\/\",\"url\":\"https:\/\/emploisrestaurant.ca\/wp-content\/uploads\/2024\/02\/cropped-BrasserieDanielLapointe_logo_WEB-scaled-2.jpg\",\"contentUrl\":\"https:\/\/emploisrestaurant.ca\/wp-content\/uploads\/2024\/02\/cropped-BrasserieDanielLapointe_logo_WEB-scaled-2.jpg\",\"width\":2560,\"height\":2560,\"caption\":\"Brasserie Daniel Lapointe\"},\"image\":{\"@id\":\"https:\/\/emploisrestaurant.ca\/#\/schema\/logo\/image\/\"}}]}<\/script>\n<!-- \/ Yoast SEO plugin. -->","yoast_head_json":{"title":"Emplois - Brasserie Daniel Lapointe","description":"Rejoignez notre \u00e9quipe passionn\u00e9e et offrez un service exceptionnel \u00e0 nos clients. Des emplois dans toutes les domaines disponible.","robots":{"index":"index","follow":"follow","max-snippet":"max-snippet:-1","max-image-preview":"max-image-preview:large","max-video-preview":"max-video-preview:-1"},"canonical":"https:\/\/emploisrestaurant.ca\/","og_locale":"fr_CA","og_type":"article","og_title":"Emplois - Brasserie Daniel Lapointe","og_description":"Rejoignez notre \u00e9quipe passionn\u00e9e et offrez un service exceptionnel \u00e0 nos clients. Des emplois dans toutes les domaines disponible.","og_url":"https:\/\/emploisrestaurant.ca\/","og_site_name":"Brasserie Daniel Lapointe","article_modified_time":"2024-02-26T19:29:31+00:00","twitter_card":"summary_large_image","twitter_misc":{"Estimation du temps de lecture":"1 minute"},"schema":{"@context":"https:\/\/schema.org","@graph":[{"@type":"WebPage","@id":"https:\/\/emploisrestaurant.ca\/","url":"https:\/\/emploisrestaurant.ca\/","name":"Emplois - Brasserie Daniel Lapointe","isPartOf":{"@id":"https:\/\/emploisrestaurant.ca\/#website"},"datePublished":"2024-02-25T02:57:26+00:00","dateModified":"2024-02-26T19:29:31+00:00","description":"Rejoignez notre \u00e9quipe passionn\u00e9e et offrez un service exceptionnel \u00e0 nos clients. Des emplois dans toutes les domaines disponible.","breadcrumb":{"@id":"https:\/\/emploisrestaurant.ca\/#breadcrumb"},"inLanguage":"fr-CA","potentialAction":[{"@type":"ReadAction","target":["https:\/\/emploisrestaurant.ca\/"]}]},{"@type":"BreadcrumbList","@id":"https:\/\/emploisrestaurant.ca\/#breadcrumb","itemListElement":[{"@type":"ListItem","position":1,"name":"Home","item":"https:\/\/emploisrestaurant.ca\/"},{"@type":"ListItem","position":2,"name":"Emplois Brasserie Daniel Lapointe"}]},{"@type":"WebSite","@id":"https:\/\/emploisrestaurant.ca\/#website","url":"https:\/\/emploisrestaurant.ca\/","name":"Brasserie Daniel Lapointe","description":"Grillades et Fruits de mer","publisher":{"@id":"https:\/\/emploisrestaurant.ca\/#organization"},"potentialAction":[{"@type":"SearchAction","target":{"@type":"EntryPoint","urlTemplate":"https:\/\/emploisrestaurant.ca\/?s={search_term_string}"},"query-input":"required name=search_term_string"}],"inLanguage":"fr-CA"},{"@type":"Organization","@id":"https:\/\/emploisrestaurant.ca\/#organization","name":"Brasserie Daniel Lapointe","url":"https:\/\/emploisrestaurant.ca\/","logo":{"@type":"ImageObject","inLanguage":"fr-CA","@id":"https:\/\/emploisrestaurant.ca\/#\/schema\/logo\/image\/","url":"https:\/\/emploisrestaurant.ca\/wp-content\/uploads\/2024\/02\/cropped-BrasserieDanielLapointe_logo_WEB-scaled-2.jpg","contentUrl":"https:\/\/emploisrestaurant.ca\/wp-content\/uploads\/2024\/02\/cropped-BrasserieDanielLapointe_logo_WEB-scaled-2.jpg","width":2560,"height":2560,"caption":"Brasserie Daniel Lapointe"},"image":{"@id":"https:\/\/emploisrestaurant.ca\/#\/schema\/logo\/image\/"}}]}},"_links":{"self":[{"href":"https:\/\/emploisrestaurant.ca\/index.php?rest_route=\/wp\/v2\/pages\/2","targetHints":{"allow":["GET"]}}],"collection":[{"href":"https:\/\/emploisrestaurant.ca\/index.php?rest_route=\/wp\/v2\/pages"}],"about":[{"href":"https:\/\/emploisrestaurant.ca\/index.php?rest_route=\/wp\/v2\/types\/page"}],"author":[{"embeddable":true,"href":"https:\/\/emploisrestaurant.ca\/index.php?rest_route=\/wp\/v2\/users\/1"}],"replies":[{"embeddable":true,"href":"https:\/\/emploisrestaurant.ca\/index.php?rest_route=%2Fwp%2Fv2%2Fcomments&post=2"}],"version-history":[{"count":40,"href":"https:\/\/emploisrestaurant.ca\/index.php?rest_route=\/wp\/v2\/pages\/2\/revisions"}],"predecessor-version":[{"id":98,"href":"https:\/\/emploisrestaurant.ca\/index.php?rest_route=\/wp\/v2\/pages\/2\/revisions\/98"}],"wp:attachment":[{"href":"https:\/\/emploisrestaurant.ca\/index.php?rest_route=%2Fwp%2Fv2%2Fmedia&parent=2"}],"curies":[{"name":"wp","href":"https:\/\/api.w.org\/{rel}","templated":true}]}}